{"id":12,"date":"2021-04-11T18:03:00","date_gmt":"2021-04-11T18:03:00","guid":{"rendered":"https:\/\/teacs.eu\/de\/?page_id=12"},"modified":"2021-04-11T18:34:55","modified_gmt":"2021-04-11T18:34:55","slug":"cookies","status":"publish","type":"page","link":"https:\/\/teacs.eu\/de\/cookies\/","title":{"rendered":"Cookies"},"content":{"rendered":"<p>Cookie-Bestimmungen<\/p>\n<p>1.\tWas sind Cookies?<\/p>\n<p>Cookies sind kleine Textdateien, die auf Ihrem Nutzungsger\u00e4t erstellt und gespeichert werden, um Informationen \u00fcber Ihre Besuche und Aktivit\u00e4ten auf dieser Website zu sammeln. Cookies k\u00f6nnen sehr unterschiedlich sein &#8211; sich auf unterschiedliche Informationen beziehen, f\u00fcr unterschiedliche Zwecke verwendet und f\u00fcr unterschiedliche Zeitr\u00e4ume gespeichert werden.<br \/>\nIn den folgenden Cookie-Bestimmungen k\u00f6nnen Sie sich mit den Nutzungszwecken von Cookies auf der Seite von TEACS OOD vertraut machen und entscheiden, ob Sie ihre Speicherung auf Ihrem Endger\u00e4t zulassen.<\/p>\n<p>2.\tWelche Cookies werden f\u00fcr die Zwecke unserer Website verwendet?<\/p>\n<p>Die Website von TEACS OOD verwendet Cookies, die Daten \u00fcber Ihre Besuche auf der Seite enthalten. Diese Daten sind anonymisiert &#8211; d.h. sie enthalten keine Angaben, die Ihre Identifizierung erm\u00f6glichen &#8211; es sei denn, Sie sind ein registrierter Benutzer. In diesem Fall werden Ihre Anmeldedaten m\u00f6glicherweise gespeichert, um auf Ihrem Ger\u00e4t gemerkt zu werden. Dar\u00fcber hinaus speichert die Seite Daten zu den von einem Benutzer ausgef\u00fchrten T\u00e4tigkeiten &#8211; Datum und Uhrzeit der Anmeldung, Datenzugriffe und Eintr\u00e4ge oder Entfernungen im System.<br \/>\nDiese Daten werden nur f\u00fcr registrierte Nutzer des Systems und nur innerhalb der von uns bereitgestellten Dienste gespeichert. In diesen F\u00e4llen werden die gespeicherten Daten nur zum Nachweis der Erf\u00fcllung der vertraglichen Verpflichtungen von TEACS OOD und zur Sicherheitsgew\u00e4hrleistung unserer Website und Ihrer Konten verwendet.<br \/>\nDiese Daten werden f\u00fcr einen bestimmten Zeitraum nach Beendigung der Servicevertr\u00e4ge gespeichert. Weitere Informationen finden Sie in unserer Datenschutzerkl\u00e4rung unter www.teacs.eu\/gdpr\/.<\/p>\n<p>3.\tWarum werden Cookies verwendet?<\/p>\n<p>Wir behandeln die durch Cookies gesammelten Daten als personenbezogene Daten und implementieren alle Standards der europ\u00e4ischen Datenschutz-Grundverordnung (DSGVO). Die Verwendung dieser Daten ist zur Erf\u00fcllung unserer vertraglichen Verpflichtungen erforderlich und wir k\u00f6nnen daher keine M\u00f6glichkeit bieten, ihre Verwendung auszuschlie\u00dfen. Wenn Sie unsere Dienste und den Zugriff f\u00fcr registrierte Benutzer nutzen m\u00f6chten, wird ein Teil der Informationen zu den von Ihnen ausgef\u00fchrten T\u00e4tigkeiten auf Ihrem Ger\u00e4t gespeichert. Wenn Sie keine Cookies verwenden m\u00f6chten, k\u00f6nnen Sie sich an unser Team wenden, um zu pr\u00fcfen, ob wir in Ihrem Fall unsere Dienste ohne die Verwendung von Cookies bereitstellen k\u00f6nnen.<\/p>\n<p>4.\tWelche Dritten haben Zugriff auf die Cookies?<br \/>\nDie von uns gesammelten Daten und die auf Ihrem Ger\u00e4t gespeicherten Cookies werden von TEACS OOD nicht an Dritte weitergegeben. Bei Bedarf k\u00f6nnen wir uns an Spezialisten oder Anbieter von Daten\u00fcbertragungsdiensten wenden, da diese Personen die Daten nur f\u00fcr die von uns zugewiesenen spezifischen Leistungen verwenden und wir die erforderlichen Ma\u00dfnahmen zur Datensicherheitsgew\u00e4hrleistung getroffen haben. <\/p>\n<p>5.\tWelche Rechte haben Sie in Bezug auf die auf Ihrem Endger\u00e4t gespeicherten Cookies?<br \/>\nSie haben das Recht, zus\u00e4tzliche Informationen \u00fcber die Verwendung von Cookies durch TEACS OOD anzufordern und werden diese nat\u00fcrlich erhalten. Wir stehen Ihnen unter der folgenden Email-Adresse zur Verf\u00fcgung:<br \/>\noffice@teacs.eu<\/p>\n<p>Da Cookies auf Ihrem Endger\u00e4t gespeichert werden, liegt es ganz bei Ihnen, ob Sie sie l\u00f6schen m\u00f6chten. Wie oben erw\u00e4hnt, haben Sie das Recht, Ihre Zustimmung zur Verwendung von Cookies jederzeit zu widerrufen. In diesem Fall werden wir keine Informationen mehr \u00fcber Besuche auf unserer Webseite vom Ihrem Endger\u00e4t sammeln.<\/p>\n<p>6.\tKontaktdaten der bulgarischen Datenschutzkommission:<br \/>\nUngeachtet der obigen Ausf\u00fchrungen k\u00f6nnen Sie jederzeit Informationen dar\u00fcber anfordern, wie wir Ihre pers\u00f6nlichen Daten speichern. Wenn Sie der Meinung sind, dass wir Ihre Rechte verletzen, k\u00f6nnen Sie eine Beschwerde bei der Kommission f\u00fcr den Schutz personenbezogener Daten einreichen, die unsere Verarbeitung personenbezogener Daten \u00fcberwacht.<\/p>\n<p>Kommission f\u00fcr den Schutz personenbezogener Daten<br \/>\nAdresse: Prof.-Tsvetan-Lazarov-Str. 2, 1592 Sofia<br \/>\nInformations- und Kontaktzentrum &#8211; Tel. +359 2\/ 91 53 518<br \/>\nSprechzeiten &#8211; 9:00 &#8211; 17:30 Uhr<br \/>\nE-Mail: kzld@cpdp.bg<br \/>\nWebseite: www.cpdp.bg<\/p>\n","protected":false},"excerpt":{"rendered":"<p>Cookie-Bestimmungen 1. Was sind Cookies? Cookies sind kleine Textdateien, die auf Ihrem Nutzungsger\u00e4t erstellt und gespeichert werden, um Informationen \u00fcber Ihre Besuche und Aktivit\u00e4ten auf dieser<span class=\"excerpt-hellip\"> [\u2026]<\/span><\/p>\n","protected":false},"author":1,"featured_media":0,"parent":0,"menu_order":0,"comment_status":"closed","ping_status":"closed","template":"","meta":{"footnotes":""},"class_list":["post-12","page","type-page","status-publish","hentry"],"_links":{"self":[{"href":"https:\/\/teacs.eu\/de\/wp-json\/wp\/v2\/pages\/12","targetHints":{"allow":["GET"]}}],"collection":[{"href":"https:\/\/teacs.eu\/de\/wp-json\/wp\/v2\/pages"}],"about":[{"href":"https:\/\/teacs.eu\/de\/wp-json\/wp\/v2\/types\/page"}],"author":[{"embeddable":true,"href":"https:\/\/teacs.eu\/de\/wp-json\/wp\/v2\/users\/1"}],"replies":[{"embeddable":true,"href":"https:\/\/teacs.eu\/de\/wp-json\/wp\/v2\/comments?post=12"}],"version-history":[{"count":2,"href":"https:\/\/teacs.eu\/de\/wp-json\/wp\/v2\/pages\/12\/revisions"}],"predecessor-version":[{"id":40,"href":"https:\/\/teacs.eu\/de\/wp-json\/wp\/v2\/pages\/12\/revisions\/40"}],"wp:attachment":[{"href":"https:\/\/teacs.eu\/de\/wp-json\/wp\/v2\/media?parent=12"}],"curies":[{"name":"wp","href":"https:\/\/api.w.org\/{rel}","templated":true}]}}