{"id":14,"date":"2021-04-11T18:03:17","date_gmt":"2021-04-11T18:03:17","guid":{"rendered":"https:\/\/teacs.eu\/de\/?page_id=14"},"modified":"2021-04-11T19:42:54","modified_gmt":"2021-04-11T19:42:54","slug":"ueber-amosys","status":"publish","type":"page","link":"https:\/\/teacs.eu\/de\/ueber-amosys\/","title":{"rendered":"\u00dcber AMOSYS"},"content":{"rendered":"<h4>Die AMOSYS-Software wurde speziell zur Erleichterung und Verfolgung der Arbeit zwischen Dentallaboren und Zahnkliniken entwickelt. AMOSYS enth\u00e4lt ein Auftragsverwaltungsmodul. Die zwei getrennten Portale f\u00fcr Zahn\u00e4rzte und Zahntechniker machen die Software zu einem hervorragenden Kommunikationsassistenten zwischen den beiden Parteien. Alle Ihre Bestellungen sind an einem Ort und Sie k\u00f6nnen ganz einfach genau die ben\u00f6tigten finden. Mit AMOSYS k\u00f6nnen Sie Ihre Bestellungen schnell und intuitiv verfolgen und verwalten, womit Sie Zeit sparen, um sich auf die Erweiterung Ihres Gesch\u00e4fts zu konzentrieren.<\/h4>\n","protected":false},"excerpt":{"rendered":"<p>Die AMOSYS-Software wurde speziell zur Erleichterung und Verfolgung der Arbeit zwischen Dentallaboren und Zahnkliniken entwickelt. AMOSYS enth\u00e4lt ein Auftragsverwaltungsmodul. Die zwei getrennten Portale f\u00fcr Zahn\u00e4rzte und<span class=\"excerpt-hellip\"> [\u2026]<\/span><\/p>\n","protected":false},"author":1,"featured_media":0,"parent":0,"menu_order":0,"comment_status":"closed","ping_status":"closed","template":"","meta":{"footnotes":""},"class_list":["post-14","page","type-page","status-publish","hentry"],"_links":{"self":[{"href":"https:\/\/teacs.eu\/de\/wp-json\/wp\/v2\/pages\/14","targetHints":{"allow":["GET"]}}],"collection":[{"href":"https:\/\/teacs.eu\/de\/wp-json\/wp\/v2\/pages"}],"about":[{"href":"https:\/\/teacs.eu\/de\/wp-json\/wp\/v2\/types\/page"}],"author":[{"embeddable":true,"href":"https:\/\/teacs.eu\/de\/wp-json\/wp\/v2\/users\/1"}],"replies":[{"embeddable":true,"href":"https:\/\/teacs.eu\/de\/wp-json\/wp\/v2\/comments?post=14"}],"version-history":[{"count":2,"href":"https:\/\/teacs.eu\/de\/wp-json\/wp\/v2\/pages\/14\/revisions"}],"predecessor-version":[{"id":48,"href":"https:\/\/teacs.eu\/de\/wp-json\/wp\/v2\/pages\/14\/revisions\/48"}],"wp:attachment":[{"href":"https:\/\/teacs.eu\/de\/wp-json\/wp\/v2\/media?parent=14"}],"curies":[{"name":"wp","href":"https:\/\/api.w.org\/{rel}","templated":true}]}}